{"id":302,"date":"2023-05-27T11:53:22","date_gmt":"2023-05-27T09:53:22","guid":{"rendered":"http:\/\/rekoluxstav.com\/?page_id=302"},"modified":"2025-11-14T21:52:38","modified_gmt":"2025-11-14T19:52:38","slug":"kontakty","status":"publish","type":"page","link":"https:\/\/rekoluxstav.com\/en\/kontakty\/","title":{"rendered":"Contacts"},"content":{"rendered":"<div data-elementor-type=\"wp-page\" data-elementor-id=\"302\" class=\"elementor elementor-302\" data-elementor-post-type=\"page\">\n\t\t\t\t<div class=\"elementor-element elementor-element-650a476 e-flex e-con-boxed e-con e-parent\" data-id=\"650a476\" data-element_type=\"container\" data-e-type=\"container\">\n\t\t\t\t\t<div class=\"e-con-inner\">\n\t\t<div class=\"elementor-element elementor-element-c80d07d e-flex e-con-boxed e-con e-child\" data-id=\"c80d07d\" data-element_type=\"container\" data-e-type=\"container\">\n\t\t\t\t\t<div class=\"e-con-inner\">\n\t\t<div class=\"elementor-element elementor-element-b66bf03 e-flex e-con-boxed e-con e-child\" data-id=\"b66bf03\" data-element_type=\"container\" data-e-type=\"container\" data-settings=\"{&quot;background_background&quot;:&quot;classic&quot;,&quot;background_motion_fx_motion_fx_scrolling&quot;:&quot;yes&quot;,&quot;background_motion_fx_translateX_effect&quot;:&quot;yes&quot;,&quot;background_motion_fx_translateX_direction&quot;:&quot;negative&quot;,&quot;background_motion_fx_translateX_speed&quot;:{&quot;unit&quot;:&quot;px&quot;,&quot;size&quot;:1,&quot;sizes&quot;:[]},&quot;background_motion_fx_devices&quot;:[&quot;desktop&quot;],&quot;background_motion_fx_translateX_affectedRange&quot;:{&quot;unit&quot;:&quot;%&quot;,&quot;size&quot;:&quot;&quot;,&quot;sizes&quot;:{&quot;start&quot;:0,&quot;end&quot;:100}}}\">\n\t\t\t\t\t<div class=\"e-con-inner\">\n\t\t\t\t<div class=\"elementor-element elementor-element-3d660c8 elementor-widget elementor-widget-heading\" data-id=\"3d660c8\" data-element_type=\"widget\" data-e-type=\"widget\" data-widget_type=\"heading.default\">\n\t\t\t\t<div class=\"elementor-widget-container\">\n\t\t\t\t\t<h3 class=\"elementor-heading-title elementor-size-default\">Make an appointment with us!<\/h3>\t\t\t\t<\/div>\n\t\t\t\t<\/div>\n\t\t\t\t<div class=\"elementor-element elementor-element-10f2f97 elementor-widget__width-inherit elementor-icon-list--layout-traditional elementor-list-item-link-full_width elementor-widget elementor-widget-icon-list\" data-id=\"10f2f97\" data-element_type=\"widget\" data-e-type=\"widget\" data-widget_type=\"icon-list.default\">\n\t\t\t\t<div class=\"elementor-widget-container\">\n\t\t\t\t\t\t\t<ul class=\"elementor-icon-list-items\">\n\t\t\t\t\t\t\t<li class=\"elementor-icon-list-item\">\n\t\t\t\t\t\t\t\t\t\t\t<a href=\"tel:+420777677762\">\n\n\t\t\t\t\t\t\t\t\t\t\t\t<span class=\"elementor-icon-list-icon\">\n\t\t\t\t\t\t\t<svg xmlns=\"http:\/\/www.w3.org\/2000\/svg\" width=\"16\" height=\"16\" viewbox=\"0 0 16 16\" fill=\"none\"><g clip-path=\"url(#clip0_18_78)\"><path d=\"M14.7162 10.5022C13.7366 10.5022 12.7747 10.349 11.8633 10.0478C11.4167 9.89542 10.8676 10.0352 10.595 10.3151L8.796 11.6732C6.70963 10.5595 5.42446 9.27475 4.32596 7.20404L5.64408 5.45188C5.98654 5.10988 6.10938 4.61029 5.96221 4.14154C5.65971 3.22529 5.50604 2.26392 5.50604 1.28392C5.50608 0.575958 4.93013 0 4.22221 0H1.28387C0.575958 0 0 0.575958 0 1.28387C0 9.39846 6.60158 16 14.7162 16C15.4241 16 16 15.424 16 14.7161V11.786C16 11.0781 15.424 10.5022 14.7162 10.5022Z\" fill=\"#D9B381\"><\/path><\/g><defs><clippath id=\"clip0_18_78\"><rect width=\"16\" height=\"16\" fill=\"white\"><\/rect><\/clippath><\/defs><\/svg>\t\t\t\t\t\t<\/span>\n\t\t\t\t\t\t\t\t\t\t<span class=\"elementor-icon-list-text\">+420 777 677 762<\/span>\n\t\t\t\t\t\t\t\t\t\t\t<\/a>\n\t\t\t\t\t\t\t\t\t<\/li>\n\t\t\t\t\t\t\t\t<li class=\"elementor-icon-list-item\">\n\t\t\t\t\t\t\t\t\t\t\t<a href=\"mailto:info@rekolux.cz\">\n\n\t\t\t\t\t\t\t\t\t\t\t\t<span class=\"elementor-icon-list-icon\">\n\t\t\t\t\t\t\t<svg xmlns=\"http:\/\/www.w3.org\/2000\/svg\" width=\"16\" height=\"16\" viewbox=\"0 0 16 16\" fill=\"none\"><g clip-path=\"url(#clip0_18_82)\"><path d=\"M10.606 8.08208L16 11.4921V4.52808L10.606 8.08208Z\" fill=\"#D9B381\"><\/path><path d=\"M0 4.52808V11.4921L5.394 8.08208L0 4.52808Z\" fill=\"#D9B381\"><\/path><path d=\"M15 2.5H0.999968C0.500968 2.5 0.104968 2.872 0.0299683 3.351L7.99997 8.602L15.97 3.351C15.895 2.872 15.499 2.5 15 2.5Z\" fill=\"#D9B381\"><\/path><path d=\"M9.68998 8.68606L8.27498 9.61806C8.19098 9.67306 8.09598 9.70006 7.99998 9.70006C7.90398 9.70006 7.80898 9.67306 7.72498 9.61806L6.30998 8.68506L0.0319824 12.6561C0.108982 13.1311 0.502982 13.5001 0.999982 13.5001H15C15.497 13.5001 15.891 13.1311 15.968 12.6561L9.68998 8.68606Z\" fill=\"#D9B381\"><\/path><\/g><defs><clippath id=\"clip0_18_82\"><rect width=\"16\" height=\"16\" fill=\"white\"><\/rect><\/clippath><\/defs><\/svg>\t\t\t\t\t\t<\/span>\n\t\t\t\t\t\t\t\t\t\t<span class=\"elementor-icon-list-text\">info@rekolux.cz<\/span>\n\t\t\t\t\t\t\t\t\t\t\t<\/a>\n\t\t\t\t\t\t\t\t\t<\/li>\n\t\t\t\t\t\t\t\t<li class=\"elementor-icon-list-item\">\n\t\t\t\t\t\t\t\t\t\t\t<a href=\"https:\/\/goo.gl\/maps\/uqYWnyfVeYQtX2kZ7\" target=\"_blank\">\n\n\t\t\t\t\t\t\t\t\t\t\t\t<span class=\"elementor-icon-list-icon\">\n\t\t\t\t\t\t\t<svg xmlns=\"http:\/\/www.w3.org\/2000\/svg\" width=\"16\" height=\"16\" viewbox=\"0 0 16 16\" fill=\"none\"><g clip-path=\"url(#clip0_18_95)\"><path d=\"M8.20206 0.00333482C4.95279 -0.106167 2.28442 2.49519 2.28442 5.71972C2.28442 9.37922 5.79628 12.035 7.76467 15.8544C7.86461 16.0484 8.14377 16.0486 8.24405 15.8547C10.0247 12.418 13.0682 10.1135 13.6322 6.80266C14.2162 3.37656 11.6755 0.120438 8.20206 0.00333482ZM8.00408 8.71572C6.34946 8.71572 5.00808 7.37431 5.00808 5.71972C5.00808 4.06513 6.34949 2.72372 8.00408 2.72372C9.6587 2.72372 11.0001 4.06513 11.0001 5.71972C11.0001 7.37431 9.6587 8.71572 8.00408 8.71572Z\" fill=\"#D9B381\"><\/path><\/g><defs><clippath id=\"clip0_18_95\"><rect width=\"16\" height=\"16\" fill=\"white\"><\/rect><\/clippath><\/defs><\/svg>\t\t\t\t\t\t<\/span>\n\t\t\t\t\t\t\t\t\t\t<span class=\"elementor-icon-list-text\">Bryksova 818\/48, 198 00 Prague - \u010cern\u00fd Most<\/span>\n\t\t\t\t\t\t\t\t\t\t\t<\/a>\n\t\t\t\t\t\t\t\t\t<\/li>\n\t\t\t\t\t\t<\/ul>\n\t\t\t\t\t\t<\/div>\n\t\t\t\t<\/div>\n\t\t\t\t\t<\/div>\n\t\t\t\t<\/div>\n\t\t<div class=\"elementor-element elementor-element-ce9e71f e-flex e-con-boxed e-con e-child\" data-id=\"ce9e71f\" data-element_type=\"container\" data-e-type=\"container\">\n\t\t\t\t\t<div class=\"e-con-inner\">\n\t\t\t\t<div class=\"elementor-element elementor-element-11e6091 elementor-widget elementor-widget-heading\" data-id=\"11e6091\" data-element_type=\"widget\" data-e-type=\"widget\" data-widget_type=\"heading.default\">\n\t\t\t\t<div class=\"elementor-widget-container\">\n\t\t\t\t\t<h3 class=\"elementor-heading-title elementor-size-default\">Social networks<\/h3>\t\t\t\t<\/div>\n\t\t\t\t<\/div>\n\t\t\t\t<div class=\"elementor-element elementor-element-cc0a396 elementor-align-right button-line elementor-widget elementor-widget-button\" data-id=\"cc0a396\" data-element_type=\"widget\" data-e-type=\"widget\" data-widget_type=\"button.default\">\n\t\t\t\t<div class=\"elementor-widget-container\">\n\t\t\t\t\t\t\t\t\t<div class=\"elementor-button-wrapper\">\n\t\t\t\t\t<a class=\"elementor-button elementor-button-link elementor-size-sm\" href=\"https:\/\/facebook.com\/rekolux\/\">\n\t\t\t\t\t\t<span class=\"elementor-button-content-wrapper\">\n\t\t\t\t\t\t\t\t\t<span class=\"elementor-button-text\">Facebook<\/span>\n\t\t\t\t\t<\/span>\n\t\t\t\t\t<\/a>\n\t\t\t\t<\/div>\n\t\t\t\t\t\t\t\t<\/div>\n\t\t\t\t<\/div>\n\t\t\t\t<div class=\"elementor-element elementor-element-21c5275 elementor-align-right button-line elementor-widget elementor-widget-button\" data-id=\"21c5275\" data-element_type=\"widget\" data-e-type=\"widget\" data-widget_type=\"button.default\">\n\t\t\t\t<div class=\"elementor-widget-container\">\n\t\t\t\t\t\t\t\t\t<div class=\"elementor-button-wrapper\">\n\t\t\t\t\t<a class=\"elementor-button elementor-button-link elementor-size-sm\" href=\"https:\/\/instagram.com\/rekolux\/\">\n\t\t\t\t\t\t<span class=\"elementor-button-content-wrapper\">\n\t\t\t\t\t\t\t\t\t<span class=\"elementor-button-text\">Instagram<\/span>\n\t\t\t\t\t<\/span>\n\t\t\t\t\t<\/a>\n\t\t\t\t<\/div>\n\t\t\t\t\t\t\t\t<\/div>\n\t\t\t\t<\/div>\n\t\t\t\t<div class=\"elementor-element elementor-element-9cacc69 elementor-align-right button-line elementor-widget elementor-widget-button\" data-id=\"9cacc69\" data-element_type=\"widget\" data-e-type=\"widget\" data-widget_type=\"button.default\">\n\t\t\t\t<div class=\"elementor-widget-container\">\n\t\t\t\t\t\t\t\t\t<div class=\"elementor-button-wrapper\">\n\t\t\t\t\t<a class=\"elementor-button elementor-button-link elementor-size-sm\" href=\"https:\/\/www.youtube.com\/channel\/UCKEP4C0Oy6ilP7Au8PApVdQ\">\n\t\t\t\t\t\t<span class=\"elementor-button-content-wrapper\">\n\t\t\t\t\t\t\t\t\t<span class=\"elementor-button-text\">Youtube<\/span>\n\t\t\t\t\t<\/span>\n\t\t\t\t\t<\/a>\n\t\t\t\t<\/div>\n\t\t\t\t\t\t\t\t<\/div>\n\t\t\t\t<\/div>\n\t\t\t\t\t<\/div>\n\t\t\t\t<\/div>\n\t\t\t\t\t<\/div>\n\t\t\t\t<\/div>\n\t\t\t\t\t<\/div>\n\t\t\t\t<\/div>\n\t\t\t\t<\/div>","protected":false},"excerpt":{"rendered":"<p>Zajednejte si s n\u00e1mi sch\u016fzku! +420 777 677 762 info@rekolux.cz Bryksova 818\/48, 198 00 Praha &#8211; \u010cern\u00fd Most Soci\u00e1ln\u00ed s\u00edt\u011b Facebook Instagram Youtube<\/p>","protected":false},"author":1,"featured_media":459,"parent":0,"menu_order":0,"comment_status":"closed","ping_status":"closed","template":"","meta":{"_acf_changed":false,"footnotes":""},"class_list":["post-302","page","type-page","status-publish","has-post-thumbnail","hentry"],"acf":[],"yoast_head":"<!-- This site is optimized with the Yoast SEO plugin v27.4 - https:\/\/yoast.com\/product\/yoast-seo-wordpress\/ -->\n<title>Kontakty - REKOLUX STAV<\/title>\n<meta name=\"robots\" content=\"index, follow, max-snippet:-1, max-image-preview:large, max-video-preview:-1\" \/>\n<link rel=\"canonical\" href=\"https:\/\/rekoluxstav.com\/en\/kontakty\/\" \/>\n<meta property=\"og:locale\" content=\"en_US\" \/>\n<meta property=\"og:type\" content=\"article\" \/>\n<meta property=\"og:title\" content=\"Kontakty - REKOLUX STAV\" \/>\n<meta property=\"og:description\" content=\"Zajednejte si s n\u00e1mi sch\u016fzku! +420 777 677 762 info@rekolux.cz Bryksova 818\/48, 198 00 Praha &#8211; \u010cern\u00fd Most Soci\u00e1ln\u00ed s\u00edt\u011b Facebook Instagram Youtube\" \/>\n<meta property=\"og:url\" content=\"https:\/\/rekoluxstav.com\/en\/kontakty\/\" \/>\n<meta property=\"og:site_name\" content=\"REKOLUX STAV\" \/>\n<meta property=\"article:modified_time\" content=\"2025-11-14T19:52:38+00:00\" \/>\n<meta property=\"og:image\" content=\"http:\/\/rekoluxstav.com\/wp-content\/uploads\/2023\/10\/p1622007.jpg\" \/>\n\t<meta property=\"og:image:width\" content=\"1920\" \/>\n\t<meta property=\"og:image:height\" content=\"1081\" \/>\n\t<meta property=\"og:image:type\" content=\"image\/jpeg\" \/>\n<meta name=\"twitter:card\" content=\"summary_large_image\" \/>\n<script type=\"application\/ld+json\" class=\"yoast-schema-graph\">{\"@context\":\"https:\\\/\\\/schema.org\",\"@graph\":[{\"@type\":\"WebPage\",\"@id\":\"https:\\\/\\\/rekoluxstav.com\\\/kontakty\\\/\",\"url\":\"https:\\\/\\\/rekoluxstav.com\\\/kontakty\\\/\",\"name\":\"Kontakty - REKOLUX STAV\",\"isPartOf\":{\"@id\":\"https:\\\/\\\/rekoluxstav.com\\\/#website\"},\"primaryImageOfPage\":{\"@id\":\"https:\\\/\\\/rekoluxstav.com\\\/kontakty\\\/#primaryimage\"},\"image\":{\"@id\":\"https:\\\/\\\/rekoluxstav.com\\\/kontakty\\\/#primaryimage\"},\"thumbnailUrl\":\"https:\\\/\\\/rekoluxstav.com\\\/wp-content\\\/uploads\\\/2023\\\/10\\\/p1622007.jpg\",\"datePublished\":\"2023-05-27T09:53:22+00:00\",\"dateModified\":\"2025-11-14T19:52:38+00:00\",\"breadcrumb\":{\"@id\":\"https:\\\/\\\/rekoluxstav.com\\\/kontakty\\\/#breadcrumb\"},\"inLanguage\":\"en-US\",\"potentialAction\":[{\"@type\":\"ReadAction\",\"target\":[\"https:\\\/\\\/rekoluxstav.com\\\/kontakty\\\/\"]}]},{\"@type\":\"ImageObject\",\"inLanguage\":\"en-US\",\"@id\":\"https:\\\/\\\/rekoluxstav.com\\\/kontakty\\\/#primaryimage\",\"url\":\"https:\\\/\\\/rekoluxstav.com\\\/wp-content\\\/uploads\\\/2023\\\/10\\\/p1622007.jpg\",\"contentUrl\":\"https:\\\/\\\/rekoluxstav.com\\\/wp-content\\\/uploads\\\/2023\\\/10\\\/p1622007.jpg\",\"width\":1920,\"height\":1081},{\"@type\":\"BreadcrumbList\",\"@id\":\"https:\\\/\\\/rekoluxstav.com\\\/kontakty\\\/#breadcrumb\",\"itemListElement\":[{\"@type\":\"ListItem\",\"position\":1,\"name\":\"\u0413\u043e\u043b\u043e\u0432\u043d\u0430\",\"item\":\"https:\\\/\\\/rekoluxstav.com\\\/\"},{\"@type\":\"ListItem\",\"position\":2,\"name\":\"Kontakty\"}]},{\"@type\":\"WebSite\",\"@id\":\"https:\\\/\\\/rekoluxstav.com\\\/#website\",\"url\":\"https:\\\/\\\/rekoluxstav.com\\\/\",\"name\":\"REKOLUX STAV\",\"description\":\"\",\"publisher\":{\"@id\":\"https:\\\/\\\/rekoluxstav.com\\\/#organization\"},\"potentialAction\":[{\"@type\":\"SearchAction\",\"target\":{\"@type\":\"EntryPoint\",\"urlTemplate\":\"https:\\\/\\\/rekoluxstav.com\\\/?s={search_term_string}\"},\"query-input\":{\"@type\":\"PropertyValueSpecification\",\"valueRequired\":true,\"valueName\":\"search_term_string\"}}],\"inLanguage\":\"en-US\"},{\"@type\":\"Organization\",\"@id\":\"https:\\\/\\\/rekoluxstav.com\\\/#organization\",\"name\":\"REKOLUX STAV\",\"url\":\"https:\\\/\\\/rekoluxstav.com\\\/\",\"logo\":{\"@type\":\"ImageObject\",\"inLanguage\":\"en-US\",\"@id\":\"https:\\\/\\\/rekoluxstav.com\\\/#\\\/schema\\\/logo\\\/image\\\/\",\"url\":\"https:\\\/\\\/rekoluxstav.com\\\/wp-content\\\/uploads\\\/2023\\\/04\\\/logo.png\",\"contentUrl\":\"https:\\\/\\\/rekoluxstav.com\\\/wp-content\\\/uploads\\\/2023\\\/04\\\/logo.png\",\"width\":157,\"height\":26,\"caption\":\"REKOLUX STAV\"},\"image\":{\"@id\":\"https:\\\/\\\/rekoluxstav.com\\\/#\\\/schema\\\/logo\\\/image\\\/\"}}]}<\/script>\n<!-- \/ Yoast SEO plugin. -->","yoast_head_json":{"title":"Kontakty - REKOLUX STAV","robots":{"index":"index","follow":"follow","max-snippet":"max-snippet:-1","max-image-preview":"max-image-preview:large","max-video-preview":"max-video-preview:-1"},"canonical":"https:\/\/rekoluxstav.com\/en\/kontakty\/","og_locale":"en_US","og_type":"article","og_title":"Kontakty - REKOLUX STAV","og_description":"Zajednejte si s n\u00e1mi sch\u016fzku! +420 777 677 762 info@rekolux.cz Bryksova 818\/48, 198 00 Praha &#8211; \u010cern\u00fd Most Soci\u00e1ln\u00ed s\u00edt\u011b Facebook Instagram Youtube","og_url":"https:\/\/rekoluxstav.com\/en\/kontakty\/","og_site_name":"REKOLUX STAV","article_modified_time":"2025-11-14T19:52:38+00:00","og_image":[{"width":1920,"height":1081,"url":"http:\/\/rekoluxstav.com\/wp-content\/uploads\/2023\/10\/p1622007.jpg","type":"image\/jpeg"}],"twitter_card":"summary_large_image","schema":{"@context":"https:\/\/schema.org","@graph":[{"@type":"WebPage","@id":"https:\/\/rekoluxstav.com\/kontakty\/","url":"https:\/\/rekoluxstav.com\/kontakty\/","name":"Kontakty - REKOLUX STAV","isPartOf":{"@id":"https:\/\/rekoluxstav.com\/#website"},"primaryImageOfPage":{"@id":"https:\/\/rekoluxstav.com\/kontakty\/#primaryimage"},"image":{"@id":"https:\/\/rekoluxstav.com\/kontakty\/#primaryimage"},"thumbnailUrl":"https:\/\/rekoluxstav.com\/wp-content\/uploads\/2023\/10\/p1622007.jpg","datePublished":"2023-05-27T09:53:22+00:00","dateModified":"2025-11-14T19:52:38+00:00","breadcrumb":{"@id":"https:\/\/rekoluxstav.com\/kontakty\/#breadcrumb"},"inLanguage":"en-US","potentialAction":[{"@type":"ReadAction","target":["https:\/\/rekoluxstav.com\/kontakty\/"]}]},{"@type":"ImageObject","inLanguage":"en-US","@id":"https:\/\/rekoluxstav.com\/kontakty\/#primaryimage","url":"https:\/\/rekoluxstav.com\/wp-content\/uploads\/2023\/10\/p1622007.jpg","contentUrl":"https:\/\/rekoluxstav.com\/wp-content\/uploads\/2023\/10\/p1622007.jpg","width":1920,"height":1081},{"@type":"BreadcrumbList","@id":"https:\/\/rekoluxstav.com\/kontakty\/#breadcrumb","itemListElement":[{"@type":"ListItem","position":1,"name":"\u0413\u043e\u043b\u043e\u0432\u043d\u0430","item":"https:\/\/rekoluxstav.com\/"},{"@type":"ListItem","position":2,"name":"Kontakty"}]},{"@type":"WebSite","@id":"https:\/\/rekoluxstav.com\/#website","url":"https:\/\/rekoluxstav.com\/","name":"REKOLUX STATE","description":"","publisher":{"@id":"https:\/\/rekoluxstav.com\/#organization"},"potentialAction":[{"@type":"SearchAction","target":{"@type":"EntryPoint","urlTemplate":"https:\/\/rekoluxstav.com\/?s={search_term_string}"},"query-input":{"@type":"PropertyValueSpecification","valueRequired":true,"valueName":"search_term_string"}}],"inLanguage":"en-US"},{"@type":"Organization","@id":"https:\/\/rekoluxstav.com\/#organization","name":"REKOLUX STATE","url":"https:\/\/rekoluxstav.com\/","logo":{"@type":"ImageObject","inLanguage":"en-US","@id":"https:\/\/rekoluxstav.com\/#\/schema\/logo\/image\/","url":"https:\/\/rekoluxstav.com\/wp-content\/uploads\/2023\/04\/logo.png","contentUrl":"https:\/\/rekoluxstav.com\/wp-content\/uploads\/2023\/04\/logo.png","width":157,"height":26,"caption":"REKOLUX STAV"},"image":{"@id":"https:\/\/rekoluxstav.com\/#\/schema\/logo\/image\/"}}]}},"_links":{"self":[{"href":"https:\/\/rekoluxstav.com\/en\/wp-json\/wp\/v2\/pages\/302","targetHints":{"allow":["GET"]}}],"collection":[{"href":"https:\/\/rekoluxstav.com\/en\/wp-json\/wp\/v2\/pages"}],"about":[{"href":"https:\/\/rekoluxstav.com\/en\/wp-json\/wp\/v2\/types\/page"}],"author":[{"embeddable":true,"href":"https:\/\/rekoluxstav.com\/en\/wp-json\/wp\/v2\/users\/1"}],"replies":[{"embeddable":true,"href":"https:\/\/rekoluxstav.com\/en\/wp-json\/wp\/v2\/comments?post=302"}],"version-history":[{"count":44,"href":"https:\/\/rekoluxstav.com\/en\/wp-json\/wp\/v2\/pages\/302\/revisions"}],"predecessor-version":[{"id":1394,"href":"https:\/\/rekoluxstav.com\/en\/wp-json\/wp\/v2\/pages\/302\/revisions\/1394"}],"wp:featuredmedia":[{"embeddable":true,"href":"https:\/\/rekoluxstav.com\/en\/wp-json\/wp\/v2\/media\/459"}],"wp:attachment":[{"href":"https:\/\/rekoluxstav.com\/en\/wp-json\/wp\/v2\/media?parent=302"}],"curies":[{"name":"wp","href":"https:\/\/api.w.org\/{rel}","templated":true}]}}