{"id":300,"date":"2023-05-27T11:49:57","date_gmt":"2023-05-27T09:49:57","guid":{"rendered":"http:\/\/rekoluxstav.com\/?page_id=300"},"modified":"2024-01-05T12:44:43","modified_gmt":"2024-01-05T10:44:43","slug":"sluzby","status":"publish","type":"page","link":"https:\/\/rekoluxstav.com\/en\/sluzby\/","title":{"rendered":"Services"},"content":{"rendered":"<div data-elementor-type=\"wp-page\" data-elementor-id=\"300\" class=\"elementor elementor-300\" data-elementor-post-type=\"page\">\n\t\t\t\t<div class=\"elementor-element elementor-element-7f5fcb0 e-flex e-con-boxed e-con e-parent\" data-id=\"7f5fcb0\" data-element_type=\"container\" data-e-type=\"container\">\n\t\t\t\t\t<div class=\"e-con-inner\">\n\t\t<div class=\"elementor-element elementor-element-45bc302 e-flex e-con-boxed e-con e-child\" data-id=\"45bc302\" data-element_type=\"container\" data-e-type=\"container\">\n\t\t\t\t\t<div class=\"e-con-inner\">\n\t\t<div class=\"elementor-element elementor-element-1f84464 e-flex e-con-boxed e-con e-child\" data-id=\"1f84464\" data-element_type=\"container\" data-e-type=\"container\" data-settings=\"{&quot;background_background&quot;:&quot;classic&quot;,&quot;background_motion_fx_motion_fx_scrolling&quot;:&quot;yes&quot;,&quot;background_motion_fx_translateX_effect&quot;:&quot;yes&quot;,&quot;background_motion_fx_translateX_direction&quot;:&quot;negative&quot;,&quot;background_motion_fx_translateX_speed&quot;:{&quot;unit&quot;:&quot;px&quot;,&quot;size&quot;:1,&quot;sizes&quot;:[]},&quot;background_motion_fx_devices&quot;:[&quot;desktop&quot;],&quot;background_motion_fx_translateX_affectedRange&quot;:{&quot;unit&quot;:&quot;%&quot;,&quot;size&quot;:&quot;&quot;,&quot;sizes&quot;:{&quot;start&quot;:0,&quot;end&quot;:100}}}\">\n\t\t\t\t\t<div class=\"e-con-inner\">\n\t\t\t\t<div class=\"elementor-element elementor-element-ba0aa7c elementor-invisible elementor-widget elementor-widget-heading\" data-id=\"ba0aa7c\" data-element_type=\"widget\" data-e-type=\"widget\" data-settings=\"{&quot;_animation&quot;:&quot;fadeInRight&quot;}\" data-widget_type=\"heading.default\">\n\t\t\t\t<div class=\"elementor-widget-container\">\n\t\t\t\t\t<h2 class=\"elementor-heading-title elementor-size-default\">From the project to<br>\nhanding over the keys.<\/h2>\t\t\t\t<\/div>\n\t\t\t\t<\/div>\n\t\t\t\t<div class=\"elementor-element elementor-element-5f45a3f elementor-invisible elementor-widget elementor-widget-text-editor\" data-id=\"5f45a3f\" data-element_type=\"widget\" data-e-type=\"widget\" data-settings=\"{&quot;_animation&quot;:&quot;fadeInRight&quot;,&quot;_animation_delay&quot;:200}\" data-widget_type=\"text-editor.default\">\n\t\t\t\t<div class=\"elementor-widget-container\">\n\t\t\t\t\t\t\t\t\t<p>Rekolux builds houses that invite entry.<\/p>\t\t\t\t\t\t\t\t<\/div>\n\t\t\t\t<\/div>\n\t\t\t\t\t<\/div>\n\t\t\t\t<\/div>\n\t\t\t\t\t<\/div>\n\t\t\t\t<\/div>\n\t\t\t\t<div class=\"elementor-element elementor-element-590dcd4 elementor-widget elementor-widget-spacer\" data-id=\"590dcd4\" data-element_type=\"widget\" data-e-type=\"widget\" data-widget_type=\"spacer.default\">\n\t\t\t\t<div class=\"elementor-widget-container\">\n\t\t\t\t\t\t\t<div class=\"elementor-spacer\">\n\t\t\t<div class=\"elementor-spacer-inner\"><\/div>\n\t\t<\/div>\n\t\t\t\t\t\t<\/div>\n\t\t\t\t<\/div>\n\t\t<div class=\"elementor-element elementor-element-c691e55 e-flex e-con-boxed e-con e-child\" data-id=\"c691e55\" data-element_type=\"container\" data-e-type=\"container\">\n\t\t\t\t\t<div class=\"e-con-inner\">\n\t\t\t\t<div class=\"elementor-element elementor-element-1b0496f elementor-grid-4 elementor-grid-tablet-2 elementor-grid-mobile-1 elementor-widget elementor-widget-loop-grid\" data-id=\"1b0496f\" data-element_type=\"widget\" data-e-type=\"widget\" data-settings=\"{&quot;template_id&quot;:&quot;648&quot;,&quot;columns&quot;:4,&quot;_skin&quot;:&quot;post&quot;,&quot;columns_tablet&quot;:&quot;2&quot;,&quot;columns_mobile&quot;:&quot;1&quot;,&quot;edit_handle_selector&quot;:&quot;[data-elementor-type=\\&quot;loop-item\\&quot;]&quot;,&quot;row_gap&quot;:{&quot;unit&quot;:&quot;px&quot;,&quot;size&quot;:&quot;&quot;,&quot;sizes&quot;:[]},&quot;row_gap_tablet&quot;:{&quot;unit&quot;:&quot;px&quot;,&quot;size&quot;:&quot;&quot;,&quot;sizes&quot;:[]},&quot;row_gap_mobile&quot;:{&quot;unit&quot;:&quot;px&quot;,&quot;size&quot;:&quot;&quot;,&quot;sizes&quot;:[]}}\" data-widget_type=\"loop-grid.post\">\n\t\t\t\t<div class=\"elementor-widget-container\">\n\t\t\t\t\t\t\t<div class=\"elementor-loop-container elementor-grid\">\n\t\t<style id=\"loop-648\">.elementor-648 .elementor-element.elementor-element-7fa20e6{--display:flex;--margin-top:0px;--margin-bottom:0px;--margin-left:0px;--margin-right:0px;--padding-top:0px;--padding-bottom:0px;--padding-left:0px;--padding-right:0px;}.elementor-648 .elementor-element.elementor-element-47e13b5{text-align:start;}.elementor-648 .elementor-element.elementor-element-47e13b5 img{width:60px;}.elementor-648 .elementor-element.elementor-element-cd5c659 .elementor-icon-box-wrapper{text-align:start;}.elementor-648 .elementor-element.elementor-element-cd5c659 .elementor-icon-box-title{color:var( --e-global-color-secondary );}.elementor-648 .elementor-element.elementor-element-b6686d4 .elementor-button{font-size:16px;font-weight:500;text-transform:uppercase;line-height:1em;letter-spacing:2px;fill:var( --e-global-color-primary );color:var( --e-global-color-primary );background-color:#FFFFFF00;padding:0px 0px 0px 0px;}<\/style>\t\t<div data-elementor-type=\"loop-item\" data-elementor-id=\"648\" class=\"elementor elementor-648 e-loop-item e-loop-item-635 post-635 service type-service status-publish hentry\" data-elementor-post-type=\"elementor_library\" data-custom-edit-handle=\"1\">\n\t\t\t<div class=\"elementor-element elementor-element-7fa20e6 e-flex e-con-boxed e-con e-parent\" data-id=\"7fa20e6\" data-element_type=\"container\" data-e-type=\"container\">\n\t\t\t\t\t<div class=\"e-con-inner\">\n\t\t\t\t<div class=\"elementor-element elementor-element-47e13b5 elementor-widget elementor-widget-image\" data-id=\"47e13b5\" data-element_type=\"widget\" data-e-type=\"widget\" data-widget_type=\"image.default\">\n\t\t\t\t<div class=\"elementor-widget-container\">\n\t\t\t\t\t\t\t\t\t\t\t\t\t\t\t<img decoding=\"async\" width=\"50\" height=\"50\" src=\"https:\/\/rekoluxstav.com\/wp-content\/uploads\/2023\/05\/architecture.svg\" class=\"attachment-full size-full wp-image-123\" alt=\"\" \/>\t\t\t\t\t\t\t\t\t\t\t\t\t\t\t<\/div>\n\t\t\t\t<\/div>\n\t\t\t\t<div class=\"elementor-element elementor-element-cd5c659 elementor-widget elementor-widget-icon-box\" data-id=\"cd5c659\" data-element_type=\"widget\" data-e-type=\"widget\" data-widget_type=\"icon-box.default\">\n\t\t\t\t<div class=\"elementor-widget-container\">\n\t\t\t\t\t\t\t<div class=\"elementor-icon-box-wrapper\">\n\n\t\t\t\n\t\t\t\t\t\t<div class=\"elementor-icon-box-content\">\n\n\t\t\t\t\t\t\t\t\t<h3 class=\"elementor-icon-box-title\">\n\t\t\t\t\t\t<span  >\n\t\t\t\t\t\t\tCreating a project proposal\t\t\t\t\t\t<\/span>\n\t\t\t\t\t<\/h3>\n\t\t\t\t\n\t\t\t\t\t\t\t\t\t<p class=\"elementor-icon-box-description\">\n\t\t\t\t\t\tIt all starts here. Our experienced designers will help you choose and design the ideal plan for you and your house. All your requirements are a matter of course, and together we can create a concept that will fulfill even the most passionate ideas.\t\t\t\t\t<\/p>\n\t\t\t\t\n\t\t\t<\/div>\n\t\t\t\n\t\t<\/div>\n\t\t\t\t\t\t<\/div>\n\t\t\t\t<\/div>\n\t\t\t\t<div class=\"elementor-element elementor-element-b6686d4 elementor-align-right button-line elementor-widget elementor-widget-button\" data-id=\"b6686d4\" data-element_type=\"widget\" data-e-type=\"widget\" data-widget_type=\"button.default\">\n\t\t\t\t<div class=\"elementor-widget-container\">\n\t\t\t\t\t\t\t\t\t<div class=\"elementor-button-wrapper\">\n\t\t\t\t\t<a class=\"elementor-button elementor-button-link elementor-size-sm\" href=\"https:\/\/rekoluxstav.com\/en\/service\/vytvoreni-navrhu-projektu\/\">\n\t\t\t\t\t\t<span class=\"elementor-button-content-wrapper\">\n\t\t\t\t\t\t\t\t\t<span class=\"elementor-button-text\">More<\/span>\n\t\t\t\t\t<\/span>\n\t\t\t\t\t<\/a>\n\t\t\t\t<\/div>\n\t\t\t\t\t\t\t\t<\/div>\n\t\t\t\t<\/div>\n\t\t\t\t\t<\/div>\n\t\t\t\t<\/div>\n\t\t\t\t<\/div>\n\t\t\t\t<div data-elementor-type=\"loop-item\" data-elementor-id=\"648\" class=\"elementor elementor-648 e-loop-item e-loop-item-638 post-638 service type-service status-publish hentry\" data-elementor-post-type=\"elementor_library\" data-custom-edit-handle=\"1\">\n\t\t\t<div class=\"elementor-element elementor-element-7fa20e6 e-flex e-con-boxed e-con e-parent\" data-id=\"7fa20e6\" data-element_type=\"container\" data-e-type=\"container\">\n\t\t\t\t\t<div class=\"e-con-inner\">\n\t\t\t\t<div class=\"elementor-element elementor-element-47e13b5 elementor-widget elementor-widget-image\" data-id=\"47e13b5\" data-element_type=\"widget\" data-e-type=\"widget\" data-widget_type=\"image.default\">\n\t\t\t\t<div class=\"elementor-widget-container\">\n\t\t\t\t\t\t\t\t\t\t\t\t\t\t\t<img decoding=\"async\" width=\"50\" height=\"50\" src=\"https:\/\/rekoluxstav.com\/wp-content\/uploads\/2023\/05\/interior.svg\" class=\"attachment-full size-full wp-image-121\" alt=\"\" \/>\t\t\t\t\t\t\t\t\t\t\t\t\t\t\t<\/div>\n\t\t\t\t<\/div>\n\t\t\t\t<div class=\"elementor-element elementor-element-cd5c659 elementor-widget elementor-widget-icon-box\" data-id=\"cd5c659\" data-element_type=\"widget\" data-e-type=\"widget\" data-widget_type=\"icon-box.default\">\n\t\t\t\t<div class=\"elementor-widget-container\">\n\t\t\t\t\t\t\t<div class=\"elementor-icon-box-wrapper\">\n\n\t\t\t\n\t\t\t\t\t\t<div class=\"elementor-icon-box-content\">\n\n\t\t\t\t\t\t\t\t\t<h3 class=\"elementor-icon-box-title\">\n\t\t\t\t\t\t<span  >\n\t\t\t\t\t\t\tInterior design\t\t\t\t\t\t<\/span>\n\t\t\t\t\t<\/h3>\n\t\t\t\t\n\t\t\t\t\t\t\t\t\t<p class=\"elementor-icon-box-description\">\n\t\t\t\t\t\tTogether, we will dive into the atmosphere of your interior and take into account aesthetics and functionality for the best feeling that can be achieved. We will propose a concept that will take into account your wishes and requirements and allow you to create a unique space that will fulfill you.\t\t\t\t\t<\/p>\n\t\t\t\t\n\t\t\t<\/div>\n\t\t\t\n\t\t<\/div>\n\t\t\t\t\t\t<\/div>\n\t\t\t\t<\/div>\n\t\t\t\t<div class=\"elementor-element elementor-element-b6686d4 elementor-align-right button-line elementor-widget elementor-widget-button\" data-id=\"b6686d4\" data-element_type=\"widget\" data-e-type=\"widget\" data-widget_type=\"button.default\">\n\t\t\t\t<div class=\"elementor-widget-container\">\n\t\t\t\t\t\t\t\t\t<div class=\"elementor-button-wrapper\">\n\t\t\t\t\t<a class=\"elementor-button elementor-button-link elementor-size-sm\" href=\"https:\/\/rekoluxstav.com\/en\/service\/navrh-interieru\/\">\n\t\t\t\t\t\t<span class=\"elementor-button-content-wrapper\">\n\t\t\t\t\t\t\t\t\t<span class=\"elementor-button-text\">More<\/span>\n\t\t\t\t\t<\/span>\n\t\t\t\t\t<\/a>\n\t\t\t\t<\/div>\n\t\t\t\t\t\t\t\t<\/div>\n\t\t\t\t<\/div>\n\t\t\t\t\t<\/div>\n\t\t\t\t<\/div>\n\t\t\t\t<\/div>\n\t\t\t\t<div data-elementor-type=\"loop-item\" data-elementor-id=\"648\" class=\"elementor elementor-648 e-loop-item e-loop-item-644 post-644 service type-service status-publish hentry\" data-elementor-post-type=\"elementor_library\" data-custom-edit-handle=\"1\">\n\t\t\t<div class=\"elementor-element elementor-element-7fa20e6 e-flex e-con-boxed e-con e-parent\" data-id=\"7fa20e6\" data-element_type=\"container\" data-e-type=\"container\">\n\t\t\t\t\t<div class=\"e-con-inner\">\n\t\t\t\t<div class=\"elementor-element elementor-element-47e13b5 elementor-widget elementor-widget-image\" data-id=\"47e13b5\" data-element_type=\"widget\" data-e-type=\"widget\" data-widget_type=\"image.default\">\n\t\t\t\t<div class=\"elementor-widget-container\">\n\t\t\t\t\t\t\t\t\t\t\t\t\t\t\t<img decoding=\"async\" width=\"46\" height=\"50\" src=\"https:\/\/rekoluxstav.com\/wp-content\/uploads\/2023\/05\/construction.svg\" class=\"attachment-full size-full wp-image-122\" alt=\"\" \/>\t\t\t\t\t\t\t\t\t\t\t\t\t\t\t<\/div>\n\t\t\t\t<\/div>\n\t\t\t\t<div class=\"elementor-element elementor-element-cd5c659 elementor-widget elementor-widget-icon-box\" data-id=\"cd5c659\" data-element_type=\"widget\" data-e-type=\"widget\" data-widget_type=\"icon-box.default\">\n\t\t\t\t<div class=\"elementor-widget-container\">\n\t\t\t\t\t\t\t<div class=\"elementor-icon-box-wrapper\">\n\n\t\t\t\n\t\t\t\t\t\t<div class=\"elementor-icon-box-content\">\n\n\t\t\t\t\t\t\t\t\t<h3 class=\"elementor-icon-box-title\">\n\t\t\t\t\t\t<span  >\n\t\t\t\t\t\t\tRealization\t\t\t\t\t\t<\/span>\n\t\t\t\t\t<\/h3>\n\t\t\t\t\n\t\t\t\t\t\t\t\t\t<p class=\"elementor-icon-box-description\">\n\t\t\t\t\t\tOur teams of skilled craftsmen take care of every aspect and the smallest detail of the entire construction process. From the basics of finishing and interior decoration. We provide all necessary construction work with all precision and professionalism.\t\t\t\t\t<\/p>\n\t\t\t\t\n\t\t\t<\/div>\n\t\t\t\n\t\t<\/div>\n\t\t\t\t\t\t<\/div>\n\t\t\t\t<\/div>\n\t\t\t\t<div class=\"elementor-element elementor-element-b6686d4 elementor-align-right button-line elementor-widget elementor-widget-button\" data-id=\"b6686d4\" data-element_type=\"widget\" data-e-type=\"widget\" data-widget_type=\"button.default\">\n\t\t\t\t<div class=\"elementor-widget-container\">\n\t\t\t\t\t\t\t\t\t<div class=\"elementor-button-wrapper\">\n\t\t\t\t\t<a class=\"elementor-button elementor-button-link elementor-size-sm\" href=\"https:\/\/rekoluxstav.com\/en\/service\/realizace\/\">\n\t\t\t\t\t\t<span class=\"elementor-button-content-wrapper\">\n\t\t\t\t\t\t\t\t\t<span class=\"elementor-button-text\">More<\/span>\n\t\t\t\t\t<\/span>\n\t\t\t\t\t<\/a>\n\t\t\t\t<\/div>\n\t\t\t\t\t\t\t\t<\/div>\n\t\t\t\t<\/div>\n\t\t\t\t\t<\/div>\n\t\t\t\t<\/div>\n\t\t\t\t<\/div>\n\t\t\t\t<div data-elementor-type=\"loop-item\" data-elementor-id=\"648\" class=\"elementor elementor-648 e-loop-item e-loop-item-629 post-629 service type-service status-publish hentry\" data-elementor-post-type=\"elementor_library\" data-custom-edit-handle=\"1\">\n\t\t\t<div class=\"elementor-element elementor-element-7fa20e6 e-flex e-con-boxed e-con e-parent\" data-id=\"7fa20e6\" data-element_type=\"container\" data-e-type=\"container\">\n\t\t\t\t\t<div class=\"e-con-inner\">\n\t\t\t\t<div class=\"elementor-element elementor-element-47e13b5 elementor-widget elementor-widget-image\" data-id=\"47e13b5\" data-element_type=\"widget\" data-e-type=\"widget\" data-widget_type=\"image.default\">\n\t\t\t\t<div class=\"elementor-widget-container\">\n\t\t\t\t\t\t\t\t\t\t\t\t\t\t\t<img loading=\"lazy\" decoding=\"async\" width=\"47\" height=\"50\" src=\"https:\/\/rekoluxstav.com\/wp-content\/uploads\/2024\/01\/man.svg\" class=\"attachment-full size-full wp-image-676\" alt=\"\" \/>\t\t\t\t\t\t\t\t\t\t\t\t\t\t\t<\/div>\n\t\t\t\t<\/div>\n\t\t\t\t<div class=\"elementor-element elementor-element-cd5c659 elementor-widget elementor-widget-icon-box\" data-id=\"cd5c659\" data-element_type=\"widget\" data-e-type=\"widget\" data-widget_type=\"icon-box.default\">\n\t\t\t\t<div class=\"elementor-widget-container\">\n\t\t\t\t\t\t\t<div class=\"elementor-icon-box-wrapper\">\n\n\t\t\t\n\t\t\t\t\t\t<div class=\"elementor-icon-box-content\">\n\n\t\t\t\t\t\t\t\t\t<h3 class=\"elementor-icon-box-title\">\n\t\t\t\t\t\t<span  >\n\t\t\t\t\t\t\tTechnical supervision of the builder\t\t\t\t\t\t<\/span>\n\t\t\t\t\t<\/h3>\n\t\t\t\t\n\t\t\t\t\t\t\t\t\t<p class=\"elementor-icon-box-description\">\n\t\t\t\t\t\tThe reason for inviting technical supervision into the construction process is to ensure that the construction is carried out by the contractor in the highest possible quality so that the investor is maximally satisfied with the completed work in all respects.\t\t\t\t\t<\/p>\n\t\t\t\t\n\t\t\t<\/div>\n\t\t\t\n\t\t<\/div>\n\t\t\t\t\t\t<\/div>\n\t\t\t\t<\/div>\n\t\t\t\t<div class=\"elementor-element elementor-element-b6686d4 elementor-align-right button-line elementor-widget elementor-widget-button\" data-id=\"b6686d4\" data-element_type=\"widget\" data-e-type=\"widget\" data-widget_type=\"button.default\">\n\t\t\t\t<div class=\"elementor-widget-container\">\n\t\t\t\t\t\t\t\t\t<div class=\"elementor-button-wrapper\">\n\t\t\t\t\t<a class=\"elementor-button elementor-button-link elementor-size-sm\" href=\"https:\/\/rekoluxstav.com\/en\/service\/technicky-dozor-stavebnika\/\">\n\t\t\t\t\t\t<span class=\"elementor-button-content-wrapper\">\n\t\t\t\t\t\t\t\t\t<span class=\"elementor-button-text\">More<\/span>\n\t\t\t\t\t<\/span>\n\t\t\t\t\t<\/a>\n\t\t\t\t<\/div>\n\t\t\t\t\t\t\t\t<\/div>\n\t\t\t\t<\/div>\n\t\t\t\t\t<\/div>\n\t\t\t\t<\/div>\n\t\t\t\t<\/div>\n\t\t\t\t<\/div>\n\t\t\n\t\t\t\t\t\t<\/div>\n\t\t\t\t<\/div>\n\t\t\t\t\t<\/div>\n\t\t\t\t<\/div>\n\t\t\t\t<div class=\"elementor-element elementor-element-419d485 elementor-widget elementor-widget-spacer\" data-id=\"419d485\" data-element_type=\"widget\" data-e-type=\"widget\" data-widget_type=\"spacer.default\">\n\t\t\t\t<div class=\"elementor-widget-container\">\n\t\t\t\t\t\t\t<div class=\"elementor-spacer\">\n\t\t\t<div class=\"elementor-spacer-inner\"><\/div>\n\t\t<\/div>\n\t\t\t\t\t\t<\/div>\n\t\t\t\t<\/div>\n\t\t\t\t\t<\/div>\n\t\t\t\t<\/div>\n\t\t\t\t<\/div>","protected":false},"excerpt":{"rendered":"<p>From the project to the handover of the keys. Rekolux builds houses that invite entry.<\/p>","protected":false},"author":1,"featured_media":463,"parent":0,"menu_order":0,"comment_status":"closed","ping_status":"closed","template":"","meta":{"_acf_changed":false,"footnotes":""},"class_list":["post-300","page","type-page","status-publish","has-post-thumbnail","hentry"],"acf":[],"yoast_head":"<!-- This site is optimized with the Yoast SEO plugin v27.4 - https:\/\/yoast.com\/product\/yoast-seo-wordpress\/ -->\n<title>Slu\u017eby - REKOLUX STAV<\/title>\n<meta name=\"robots\" content=\"index, follow, max-snippet:-1, max-image-preview:large, max-video-preview:-1\" \/>\n<link rel=\"canonical\" href=\"https:\/\/rekoluxstav.com\/en\/sluzby\/\" \/>\n<meta property=\"og:locale\" content=\"en_US\" \/>\n<meta property=\"og:type\" content=\"article\" \/>\n<meta property=\"og:title\" content=\"Slu\u017eby - REKOLUX STAV\" \/>\n<meta property=\"og:description\" content=\"Od projektu k p\u0159ed\u00e1n\u00ed kl\u00ed\u010d\u016f. Rekolux stav\u00ed domy, kter\u00e9 l\u00e1kaj\u00ed ke vstupu.\" \/>\n<meta property=\"og:url\" content=\"https:\/\/rekoluxstav.com\/en\/sluzby\/\" \/>\n<meta property=\"og:site_name\" content=\"REKOLUX STAV\" \/>\n<meta property=\"article:modified_time\" content=\"2024-01-05T10:44:43+00:00\" \/>\n<meta property=\"og:image\" content=\"http:\/\/rekoluxstav.com\/wp-content\/uploads\/2023\/10\/p1611621.jpg\" \/>\n\t<meta property=\"og:image:width\" content=\"1920\" \/>\n\t<meta property=\"og:image:height\" content=\"1081\" \/>\n\t<meta property=\"og:image:type\" content=\"image\/jpeg\" \/>\n<meta name=\"twitter:card\" content=\"summary_large_image\" \/>\n<script type=\"application\/ld+json\" class=\"yoast-schema-graph\">{\"@context\":\"https:\\\/\\\/schema.org\",\"@graph\":[{\"@type\":\"WebPage\",\"@id\":\"https:\\\/\\\/rekoluxstav.com\\\/sluzby\\\/\",\"url\":\"https:\\\/\\\/rekoluxstav.com\\\/sluzby\\\/\",\"name\":\"Slu\u017eby - REKOLUX STAV\",\"isPartOf\":{\"@id\":\"https:\\\/\\\/rekoluxstav.com\\\/#website\"},\"primaryImageOfPage\":{\"@id\":\"https:\\\/\\\/rekoluxstav.com\\\/sluzby\\\/#primaryimage\"},\"image\":{\"@id\":\"https:\\\/\\\/rekoluxstav.com\\\/sluzby\\\/#primaryimage\"},\"thumbnailUrl\":\"https:\\\/\\\/rekoluxstav.com\\\/wp-content\\\/uploads\\\/2023\\\/10\\\/p1611621.jpg\",\"datePublished\":\"2023-05-27T09:49:57+00:00\",\"dateModified\":\"2024-01-05T10:44:43+00:00\",\"breadcrumb\":{\"@id\":\"https:\\\/\\\/rekoluxstav.com\\\/sluzby\\\/#breadcrumb\"},\"inLanguage\":\"en-US\",\"potentialAction\":[{\"@type\":\"ReadAction\",\"target\":[\"https:\\\/\\\/rekoluxstav.com\\\/sluzby\\\/\"]}]},{\"@type\":\"ImageObject\",\"inLanguage\":\"en-US\",\"@id\":\"https:\\\/\\\/rekoluxstav.com\\\/sluzby\\\/#primaryimage\",\"url\":\"https:\\\/\\\/rekoluxstav.com\\\/wp-content\\\/uploads\\\/2023\\\/10\\\/p1611621.jpg\",\"contentUrl\":\"https:\\\/\\\/rekoluxstav.com\\\/wp-content\\\/uploads\\\/2023\\\/10\\\/p1611621.jpg\",\"width\":1920,\"height\":1081},{\"@type\":\"BreadcrumbList\",\"@id\":\"https:\\\/\\\/rekoluxstav.com\\\/sluzby\\\/#breadcrumb\",\"itemListElement\":[{\"@type\":\"ListItem\",\"position\":1,\"name\":\"\u0413\u043e\u043b\u043e\u0432\u043d\u0430\",\"item\":\"https:\\\/\\\/rekoluxstav.com\\\/\"},{\"@type\":\"ListItem\",\"position\":2,\"name\":\"Slu\u017eby\"}]},{\"@type\":\"WebSite\",\"@id\":\"https:\\\/\\\/rekoluxstav.com\\\/#website\",\"url\":\"https:\\\/\\\/rekoluxstav.com\\\/\",\"name\":\"REKOLUX STAV\",\"description\":\"\",\"publisher\":{\"@id\":\"https:\\\/\\\/rekoluxstav.com\\\/#organization\"},\"potentialAction\":[{\"@type\":\"SearchAction\",\"target\":{\"@type\":\"EntryPoint\",\"urlTemplate\":\"https:\\\/\\\/rekoluxstav.com\\\/?s={search_term_string}\"},\"query-input\":{\"@type\":\"PropertyValueSpecification\",\"valueRequired\":true,\"valueName\":\"search_term_string\"}}],\"inLanguage\":\"en-US\"},{\"@type\":\"Organization\",\"@id\":\"https:\\\/\\\/rekoluxstav.com\\\/#organization\",\"name\":\"REKOLUX STAV\",\"url\":\"https:\\\/\\\/rekoluxstav.com\\\/\",\"logo\":{\"@type\":\"ImageObject\",\"inLanguage\":\"en-US\",\"@id\":\"https:\\\/\\\/rekoluxstav.com\\\/#\\\/schema\\\/logo\\\/image\\\/\",\"url\":\"https:\\\/\\\/rekoluxstav.com\\\/wp-content\\\/uploads\\\/2023\\\/04\\\/logo.png\",\"contentUrl\":\"https:\\\/\\\/rekoluxstav.com\\\/wp-content\\\/uploads\\\/2023\\\/04\\\/logo.png\",\"width\":157,\"height\":26,\"caption\":\"REKOLUX STAV\"},\"image\":{\"@id\":\"https:\\\/\\\/rekoluxstav.com\\\/#\\\/schema\\\/logo\\\/image\\\/\"}}]}<\/script>\n<!-- \/ Yoast SEO plugin. -->","yoast_head_json":{"title":"Slu\u017eby - REKOLUX STAV","robots":{"index":"index","follow":"follow","max-snippet":"max-snippet:-1","max-image-preview":"max-image-preview:large","max-video-preview":"max-video-preview:-1"},"canonical":"https:\/\/rekoluxstav.com\/en\/sluzby\/","og_locale":"en_US","og_type":"article","og_title":"Slu\u017eby - REKOLUX STAV","og_description":"Od projektu k p\u0159ed\u00e1n\u00ed kl\u00ed\u010d\u016f. Rekolux stav\u00ed domy, kter\u00e9 l\u00e1kaj\u00ed ke vstupu.","og_url":"https:\/\/rekoluxstav.com\/en\/sluzby\/","og_site_name":"REKOLUX STAV","article_modified_time":"2024-01-05T10:44:43+00:00","og_image":[{"width":1920,"height":1081,"url":"http:\/\/rekoluxstav.com\/wp-content\/uploads\/2023\/10\/p1611621.jpg","type":"image\/jpeg"}],"twitter_card":"summary_large_image","schema":{"@context":"https:\/\/schema.org","@graph":[{"@type":"WebPage","@id":"https:\/\/rekoluxstav.com\/sluzby\/","url":"https:\/\/rekoluxstav.com\/sluzby\/","name":"Slu\u017eby - REKOLUX STAV","isPartOf":{"@id":"https:\/\/rekoluxstav.com\/#website"},"primaryImageOfPage":{"@id":"https:\/\/rekoluxstav.com\/sluzby\/#primaryimage"},"image":{"@id":"https:\/\/rekoluxstav.com\/sluzby\/#primaryimage"},"thumbnailUrl":"https:\/\/rekoluxstav.com\/wp-content\/uploads\/2023\/10\/p1611621.jpg","datePublished":"2023-05-27T09:49:57+00:00","dateModified":"2024-01-05T10:44:43+00:00","breadcrumb":{"@id":"https:\/\/rekoluxstav.com\/sluzby\/#breadcrumb"},"inLanguage":"en-US","potentialAction":[{"@type":"ReadAction","target":["https:\/\/rekoluxstav.com\/sluzby\/"]}]},{"@type":"ImageObject","inLanguage":"en-US","@id":"https:\/\/rekoluxstav.com\/sluzby\/#primaryimage","url":"https:\/\/rekoluxstav.com\/wp-content\/uploads\/2023\/10\/p1611621.jpg","contentUrl":"https:\/\/rekoluxstav.com\/wp-content\/uploads\/2023\/10\/p1611621.jpg","width":1920,"height":1081},{"@type":"BreadcrumbList","@id":"https:\/\/rekoluxstav.com\/sluzby\/#breadcrumb","itemListElement":[{"@type":"ListItem","position":1,"name":"\u0413\u043e\u043b\u043e\u0432\u043d\u0430","item":"https:\/\/rekoluxstav.com\/"},{"@type":"ListItem","position":2,"name":"Slu\u017eby"}]},{"@type":"WebSite","@id":"https:\/\/rekoluxstav.com\/#website","url":"https:\/\/rekoluxstav.com\/","name":"REKOLUX STATE","description":"","publisher":{"@id":"https:\/\/rekoluxstav.com\/#organization"},"potentialAction":[{"@type":"SearchAction","target":{"@type":"EntryPoint","urlTemplate":"https:\/\/rekoluxstav.com\/?s={search_term_string}"},"query-input":{"@type":"PropertyValueSpecification","valueRequired":true,"valueName":"search_term_string"}}],"inLanguage":"en-US"},{"@type":"Organization","@id":"https:\/\/rekoluxstav.com\/#organization","name":"REKOLUX STATE","url":"https:\/\/rekoluxstav.com\/","logo":{"@type":"ImageObject","inLanguage":"en-US","@id":"https:\/\/rekoluxstav.com\/#\/schema\/logo\/image\/","url":"https:\/\/rekoluxstav.com\/wp-content\/uploads\/2023\/04\/logo.png","contentUrl":"https:\/\/rekoluxstav.com\/wp-content\/uploads\/2023\/04\/logo.png","width":157,"height":26,"caption":"REKOLUX STAV"},"image":{"@id":"https:\/\/rekoluxstav.com\/#\/schema\/logo\/image\/"}}]}},"_links":{"self":[{"href":"https:\/\/rekoluxstav.com\/en\/wp-json\/wp\/v2\/pages\/300","targetHints":{"allow":["GET"]}}],"collection":[{"href":"https:\/\/rekoluxstav.com\/en\/wp-json\/wp\/v2\/pages"}],"about":[{"href":"https:\/\/rekoluxstav.com\/en\/wp-json\/wp\/v2\/types\/page"}],"author":[{"embeddable":true,"href":"https:\/\/rekoluxstav.com\/en\/wp-json\/wp\/v2\/users\/1"}],"replies":[{"embeddable":true,"href":"https:\/\/rekoluxstav.com\/en\/wp-json\/wp\/v2\/comments?post=300"}],"version-history":[{"count":26,"href":"https:\/\/rekoluxstav.com\/en\/wp-json\/wp\/v2\/pages\/300\/revisions"}],"predecessor-version":[{"id":724,"href":"https:\/\/rekoluxstav.com\/en\/wp-json\/wp\/v2\/pages\/300\/revisions\/724"}],"wp:featuredmedia":[{"embeddable":true,"href":"https:\/\/rekoluxstav.com\/en\/wp-json\/wp\/v2\/media\/463"}],"wp:attachment":[{"href":"https:\/\/rekoluxstav.com\/en\/wp-json\/wp\/v2\/media?parent=300"}],"curies":[{"name":"wp","href":"https:\/\/api.w.org\/{rel}","templated":true}]}}