{"id":294,"date":"2023-05-27T11:49:28","date_gmt":"2023-05-27T09:49:28","guid":{"rendered":"http:\/\/rekoluxstav.com\/?page_id=294"},"modified":"2025-05-19T22:46:53","modified_gmt":"2025-05-19T20:46:53","slug":"o-nas","status":"publish","type":"page","link":"https:\/\/rekoluxstav.com\/en\/o-nas\/","title":{"rendered":"About us"},"content":{"rendered":"<div data-elementor-type=\"wp-page\" data-elementor-id=\"294\" class=\"elementor elementor-294\" data-elementor-post-type=\"page\">\n\t\t\t\t<div class=\"elementor-element elementor-element-377c03c e-flex e-con-boxed e-con e-parent\" data-id=\"377c03c\" data-element_type=\"container\" data-e-type=\"container\">\n\t\t\t\t\t<div class=\"e-con-inner\">\n\t\t<div class=\"elementor-element elementor-element-4e98973 e-flex e-con-boxed e-con e-child\" data-id=\"4e98973\" data-element_type=\"container\" data-e-type=\"container\">\n\t\t\t\t\t<div class=\"e-con-inner\">\n\t\t<div class=\"elementor-element elementor-element-d35d035 e-flex e-con-boxed e-con e-child\" data-id=\"d35d035\" data-element_type=\"container\" data-e-type=\"container\" data-settings=\"{&quot;background_background&quot;:&quot;classic&quot;,&quot;background_motion_fx_motion_fx_scrolling&quot;:&quot;yes&quot;,&quot;background_motion_fx_translateX_effect&quot;:&quot;yes&quot;,&quot;background_motion_fx_translateX_direction&quot;:&quot;negative&quot;,&quot;background_motion_fx_translateX_speed&quot;:{&quot;unit&quot;:&quot;px&quot;,&quot;size&quot;:1,&quot;sizes&quot;:[]},&quot;background_motion_fx_devices&quot;:[&quot;desktop&quot;],&quot;background_motion_fx_translateX_affectedRange&quot;:{&quot;unit&quot;:&quot;%&quot;,&quot;size&quot;:&quot;&quot;,&quot;sizes&quot;:{&quot;start&quot;:0,&quot;end&quot;:100}}}\">\n\t\t\t\t\t<div class=\"e-con-inner\">\n\t\t\t\t<div class=\"elementor-element elementor-element-24ee2b7 elementor-invisible elementor-widget elementor-widget-heading\" data-id=\"24ee2b7\" data-element_type=\"widget\" data-e-type=\"widget\" data-settings=\"{&quot;_animation&quot;:&quot;fadeInRight&quot;}\" data-widget_type=\"heading.default\">\n\t\t\t\t<div class=\"elementor-widget-container\">\n\t\t\t\t\t<h2 class=\"elementor-heading-title elementor-size-default\">Who we are<\/h2>\t\t\t\t<\/div>\n\t\t\t\t<\/div>\n\t\t\t\t<div class=\"elementor-element elementor-element-0a5971f elementor-invisible elementor-widget elementor-widget-text-editor\" data-id=\"0a5971f\" data-element_type=\"widget\" data-e-type=\"widget\" data-settings=\"{&quot;_animation&quot;:&quot;fadeInRight&quot;,&quot;_animation_delay&quot;:200}\" data-widget_type=\"text-editor.default\">\n\t\t\t\t<div class=\"elementor-widget-container\">\n\t\t\t\t\t\t\t\t\t<p>After a long experience in the construction industry, we formed a group of professionals and decided to fix what is broken and improve what is outdated.<\/p>\t\t\t\t\t\t\t\t<\/div>\n\t\t\t\t<\/div>\n\t\t\t\t\t<\/div>\n\t\t\t\t<\/div>\n\t\t\t\t\t<\/div>\n\t\t\t\t<\/div>\n\t\t<div class=\"elementor-element elementor-element-2a20840 e-flex e-con-boxed e-con e-child\" data-id=\"2a20840\" data-element_type=\"container\" data-e-type=\"container\">\n\t\t\t\t\t<div class=\"e-con-inner\">\n\t\t\t\t<div class=\"elementor-element elementor-element-f8762fb elementor-absolute elementor-hidden-tablet elementor-hidden-mobile e-transform decor-text elementor-widget elementor-widget-heading\" data-id=\"f8762fb\" data-element_type=\"widget\" data-e-type=\"widget\" data-settings=\"{&quot;_position&quot;:&quot;absolute&quot;,&quot;motion_fx_motion_fx_scrolling&quot;:&quot;yes&quot;,&quot;motion_fx_translateX_effect&quot;:&quot;yes&quot;,&quot;motion_fx_devices&quot;:[&quot;desktop&quot;],&quot;motion_fx_translateX_direction&quot;:&quot;negative&quot;,&quot;_transform_rotateZ_effect&quot;:{&quot;unit&quot;:&quot;px&quot;,&quot;size&quot;:-90,&quot;sizes&quot;:[]},&quot;motion_fx_translateX_speed&quot;:{&quot;unit&quot;:&quot;px&quot;,&quot;size&quot;:4,&quot;sizes&quot;:[]},&quot;motion_fx_translateX_affectedRange&quot;:{&quot;unit&quot;:&quot;%&quot;,&quot;size&quot;:&quot;&quot;,&quot;sizes&quot;:{&quot;start&quot;:0,&quot;end&quot;:100}},&quot;_transform_rotateZ_effect_tablet&quot;:{&quot;unit&quot;:&quot;deg&quot;,&quot;size&quot;:&quot;&quot;,&quot;sizes&quot;:[]},&quot;_transform_rotateZ_effect_mobile&quot;:{&quot;unit&quot;:&quot;deg&quot;,&quot;size&quot;:&quot;&quot;,&quot;sizes&quot;:[]}}\" data-widget_type=\"heading.default\">\n\t\t\t\t<div class=\"elementor-widget-container\">\n\t\t\t\t\t<span class=\"elementor-heading-title elementor-size-default\">Interior<\/span>\t\t\t\t<\/div>\n\t\t\t\t<\/div>\n\t\t\t\t<div class=\"elementor-element elementor-element-206b2fe elementor-absolute elementor-hidden-tablet elementor-hidden-mobile decor-text elementor-widget elementor-widget-heading\" data-id=\"206b2fe\" data-element_type=\"widget\" data-e-type=\"widget\" data-settings=\"{&quot;_position&quot;:&quot;absolute&quot;,&quot;motion_fx_motion_fx_scrolling&quot;:&quot;yes&quot;,&quot;motion_fx_translateX_effect&quot;:&quot;yes&quot;,&quot;motion_fx_devices&quot;:[&quot;desktop&quot;],&quot;motion_fx_translateX_direction&quot;:&quot;negative&quot;,&quot;motion_fx_translateX_speed&quot;:{&quot;unit&quot;:&quot;px&quot;,&quot;size&quot;:4,&quot;sizes&quot;:[]},&quot;motion_fx_translateX_affectedRange&quot;:{&quot;unit&quot;:&quot;%&quot;,&quot;size&quot;:&quot;&quot;,&quot;sizes&quot;:{&quot;start&quot;:0,&quot;end&quot;:100}}}\" data-widget_type=\"heading.default\">\n\t\t\t\t<div class=\"elementor-widget-container\">\n\t\t\t\t\t<span class=\"elementor-heading-title elementor-size-default\">Architecture<\/span>\t\t\t\t<\/div>\n\t\t\t\t<\/div>\n\t\t<div class=\"elementor-element elementor-element-c87ffa2 e-flex e-con-boxed elementor-invisible e-con e-child\" data-id=\"c87ffa2\" data-element_type=\"container\" data-e-type=\"container\" data-settings=\"{&quot;animation&quot;:&quot;fadeInUp&quot;,&quot;animation_delay&quot;:200}\">\n\t\t\t\t\t<div class=\"e-con-inner\">\n\t\t\t\t<div class=\"elementor-element elementor-element-70fa00b elementor-invisible elementor-widget elementor-widget-text-editor\" data-id=\"70fa00b\" data-element_type=\"widget\" data-e-type=\"widget\" data-settings=\"{&quot;_animation&quot;:&quot;fadeInUp&quot;}\" data-widget_type=\"text-editor.default\">\n\t\t\t\t<div class=\"elementor-widget-container\">\n\t\t\t\t\t\t\t\t\t<p>Stavebnictv\u00ed m\u011b bav\u00ed. Proto jsem se rozhodl v\u011bnovat sv\u016fj \u017eivot tomuto oboru.<\/p><p>M\u016fj p\u0159\u00edb\u011bh za\u010dal klasicky \u2013 jako kluk na stavb\u011b. Po n\u011bkolika letech praxe jsem se vypracoval na pozici stavebn\u00edho mana\u017eera. V roce 2016 jsem se rozhodl zalo\u017eit vlastn\u00ed zna\u010dku. Tak vznikla moje srde\u010dn\u00ed z\u00e1le\u017eitost \u2013 \u201eRekolux\u201c, a v roce 2019 tak\u00e9 spole\u010dnost REKOLUX STAV. Za\u010d\u00ednali jsme rekonstrukcemi koupelen, men\u0161\u00edch byt\u016f a postupn\u011b jsme se dostali k v\u011bt\u0161\u00edm, n\u00e1ro\u010dn\u011bj\u0161\u00edm a rozs\u00e1hlej\u0161\u00edm projekt\u016fm. V roce 2021 na\u0161e realizace z\u00edskala mezin\u00e1rodn\u00ed ocen\u011bn\u00ed v sout\u011b\u017ei \u201eInteri\u00e9r Roku\u201c.<\/p><p>D\u00edky z\u00edskan\u00fdm zku\u0161enostem z rekonstrukc\u00ed jsem se rozhodl n\u00e1\u0161 \u00fasp\u011bch roz\u0161\u00ed\u0159it i do velk\u00e9ho stavebnictv\u00ed. Shrom\u00e1\u017edil jsem kolem sebe t\u00fdm odborn\u00edk\u016f s mnohaletou prax\u00ed, kte\u0159\u00ed u\u017e postavili des\u00edtky rodinn\u00fdch dom\u016f. Ka\u017ed\u00fd z n\u00e1s je na spr\u00e1vn\u00e9m m\u00edst\u011b a v\u00edme, \u017ee svou prac\u00ed alespo\u0148 trochu zlep\u0161ujeme sv\u011bt. Mou nejv\u011bt\u0161\u00ed odm\u011bnou jsou jiskry v o\u010d\u00edch klienta, kdy\u017e mu p\u0159ed\u00e1v\u00e1m kl\u00ed\u010de od nov\u00e9ho domova \u2013 a \u0159ada recenz\u00ed a doporu\u010den\u00ed pro dal\u0161\u00ed skv\u011bl\u00e9 projekty.<\/p><p><strong>Stanislav Kupar<\/strong><br \/><em>Managing Director.<\/em><\/p>\t\t\t\t\t\t\t\t<\/div>\n\t\t\t\t<\/div>\n\t\t\t\t\t<\/div>\n\t\t\t\t<\/div>\n\t\t\t\t\t<\/div>\n\t\t\t\t<\/div>\n\t\t\t\t\t<\/div>\n\t\t\t\t<\/div>\n\t\t\t\t<\/div>","protected":false},"excerpt":{"rendered":"<p>Kdo jsme Po dlouh\u00fdch zku\u0161enostech v oboru stavebnictv\u00ed jsme vytvo\u0159ili skupinu profesion\u00e1l\u016f a rozhodli se opravovat to, co je rozbit\u00e9 a vylep\u0161ovat to, co je zastaral\u00e9. Interior Architecture Stavebnictv\u00ed m\u011b bav\u00ed. Proto jsem se rozhodl v\u011bnovat sv\u016fj \u017eivot tomuto oboru. M\u016fj p\u0159\u00edb\u011bh za\u010dal klasicky \u2013 jako kluk na stavb\u011b. Po n\u011bkolika letech praxe jsem se [&hellip;]<\/p>","protected":false},"author":1,"featured_media":457,"parent":0,"menu_order":0,"comment_status":"closed","ping_status":"closed","template":"","meta":{"_acf_changed":false,"footnotes":""},"class_list":["post-294","page","type-page","status-publish","has-post-thumbnail","hentry"],"acf":[],"yoast_head":"<!-- This site is optimized with the Yoast SEO plugin v27.4 - https:\/\/yoast.com\/product\/yoast-seo-wordpress\/ -->\n<title>O n\u00e1s - REKOLUX STAV<\/title>\n<meta name=\"robots\" content=\"index, follow, max-snippet:-1, max-image-preview:large, max-video-preview:-1\" \/>\n<link rel=\"canonical\" href=\"https:\/\/rekoluxstav.com\/en\/o-nas\/\" \/>\n<meta property=\"og:locale\" content=\"en_US\" \/>\n<meta property=\"og:type\" content=\"article\" \/>\n<meta property=\"og:title\" content=\"O n\u00e1s - REKOLUX STAV\" \/>\n<meta property=\"og:description\" content=\"Kdo jsme Po dlouh\u00fdch zku\u0161enostech v oboru stavebnictv\u00ed jsme vytvo\u0159ili skupinu profesion\u00e1l\u016f a rozhodli se opravovat to, co je rozbit\u00e9 a vylep\u0161ovat to, co je zastaral\u00e9. Interior Architecture Stavebnictv\u00ed m\u011b bav\u00ed. Proto jsem se rozhodl v\u011bnovat sv\u016fj \u017eivot tomuto oboru. M\u016fj p\u0159\u00edb\u011bh za\u010dal klasicky \u2013 jako kluk na stavb\u011b. Po n\u011bkolika letech praxe jsem se [&hellip;]\" \/>\n<meta property=\"og:url\" content=\"https:\/\/rekoluxstav.com\/en\/o-nas\/\" \/>\n<meta property=\"og:site_name\" content=\"REKOLUX STAV\" \/>\n<meta property=\"article:modified_time\" content=\"2025-05-19T20:46:53+00:00\" \/>\n<meta property=\"og:image\" content=\"http:\/\/rekoluxstav.com\/wp-content\/uploads\/2023\/10\/p1611754-1.jpg\" \/>\n\t<meta property=\"og:image:width\" content=\"1920\" \/>\n\t<meta property=\"og:image:height\" content=\"1094\" \/>\n\t<meta property=\"og:image:type\" content=\"image\/jpeg\" \/>\n<meta name=\"twitter:card\" content=\"summary_large_image\" \/>\n<meta name=\"twitter:label1\" content=\"Est. reading time\" \/>\n\t<meta name=\"twitter:data1\" content=\"1 minute\" \/>\n<script type=\"application\/ld+json\" class=\"yoast-schema-graph\">{\"@context\":\"https:\\\/\\\/schema.org\",\"@graph\":[{\"@type\":\"WebPage\",\"@id\":\"https:\\\/\\\/rekoluxstav.com\\\/o-nas\\\/\",\"url\":\"https:\\\/\\\/rekoluxstav.com\\\/o-nas\\\/\",\"name\":\"O n\u00e1s - REKOLUX STAV\",\"isPartOf\":{\"@id\":\"https:\\\/\\\/rekoluxstav.com\\\/#website\"},\"primaryImageOfPage\":{\"@id\":\"https:\\\/\\\/rekoluxstav.com\\\/o-nas\\\/#primaryimage\"},\"image\":{\"@id\":\"https:\\\/\\\/rekoluxstav.com\\\/o-nas\\\/#primaryimage\"},\"thumbnailUrl\":\"https:\\\/\\\/rekoluxstav.com\\\/wp-content\\\/uploads\\\/2023\\\/10\\\/p1611754-1.jpg\",\"datePublished\":\"2023-05-27T09:49:28+00:00\",\"dateModified\":\"2025-05-19T20:46:53+00:00\",\"breadcrumb\":{\"@id\":\"https:\\\/\\\/rekoluxstav.com\\\/o-nas\\\/#breadcrumb\"},\"inLanguage\":\"en-US\",\"potentialAction\":[{\"@type\":\"ReadAction\",\"target\":[\"https:\\\/\\\/rekoluxstav.com\\\/o-nas\\\/\"]}]},{\"@type\":\"ImageObject\",\"inLanguage\":\"en-US\",\"@id\":\"https:\\\/\\\/rekoluxstav.com\\\/o-nas\\\/#primaryimage\",\"url\":\"https:\\\/\\\/rekoluxstav.com\\\/wp-content\\\/uploads\\\/2023\\\/10\\\/p1611754-1.jpg\",\"contentUrl\":\"https:\\\/\\\/rekoluxstav.com\\\/wp-content\\\/uploads\\\/2023\\\/10\\\/p1611754-1.jpg\",\"width\":1920,\"height\":1094},{\"@type\":\"BreadcrumbList\",\"@id\":\"https:\\\/\\\/rekoluxstav.com\\\/o-nas\\\/#breadcrumb\",\"itemListElement\":[{\"@type\":\"ListItem\",\"position\":1,\"name\":\"\u0413\u043e\u043b\u043e\u0432\u043d\u0430\",\"item\":\"https:\\\/\\\/rekoluxstav.com\\\/\"},{\"@type\":\"ListItem\",\"position\":2,\"name\":\"O n\u00e1s\"}]},{\"@type\":\"WebSite\",\"@id\":\"https:\\\/\\\/rekoluxstav.com\\\/#website\",\"url\":\"https:\\\/\\\/rekoluxstav.com\\\/\",\"name\":\"REKOLUX STAV\",\"description\":\"\",\"publisher\":{\"@id\":\"https:\\\/\\\/rekoluxstav.com\\\/#organization\"},\"potentialAction\":[{\"@type\":\"SearchAction\",\"target\":{\"@type\":\"EntryPoint\",\"urlTemplate\":\"https:\\\/\\\/rekoluxstav.com\\\/?s={search_term_string}\"},\"query-input\":{\"@type\":\"PropertyValueSpecification\",\"valueRequired\":true,\"valueName\":\"search_term_string\"}}],\"inLanguage\":\"en-US\"},{\"@type\":\"Organization\",\"@id\":\"https:\\\/\\\/rekoluxstav.com\\\/#organization\",\"name\":\"REKOLUX STAV\",\"url\":\"https:\\\/\\\/rekoluxstav.com\\\/\",\"logo\":{\"@type\":\"ImageObject\",\"inLanguage\":\"en-US\",\"@id\":\"https:\\\/\\\/rekoluxstav.com\\\/#\\\/schema\\\/logo\\\/image\\\/\",\"url\":\"https:\\\/\\\/rekoluxstav.com\\\/wp-content\\\/uploads\\\/2023\\\/04\\\/logo.png\",\"contentUrl\":\"https:\\\/\\\/rekoluxstav.com\\\/wp-content\\\/uploads\\\/2023\\\/04\\\/logo.png\",\"width\":157,\"height\":26,\"caption\":\"REKOLUX STAV\"},\"image\":{\"@id\":\"https:\\\/\\\/rekoluxstav.com\\\/#\\\/schema\\\/logo\\\/image\\\/\"}}]}<\/script>\n<!-- \/ Yoast SEO plugin. -->","yoast_head_json":{"title":"O n\u00e1s - REKOLUX STAV","robots":{"index":"index","follow":"follow","max-snippet":"max-snippet:-1","max-image-preview":"max-image-preview:large","max-video-preview":"max-video-preview:-1"},"canonical":"https:\/\/rekoluxstav.com\/en\/o-nas\/","og_locale":"en_US","og_type":"article","og_title":"O n\u00e1s - REKOLUX STAV","og_description":"Kdo jsme Po dlouh\u00fdch zku\u0161enostech v oboru stavebnictv\u00ed jsme vytvo\u0159ili skupinu profesion\u00e1l\u016f a rozhodli se opravovat to, co je rozbit\u00e9 a vylep\u0161ovat to, co je zastaral\u00e9. Interior Architecture Stavebnictv\u00ed m\u011b bav\u00ed. Proto jsem se rozhodl v\u011bnovat sv\u016fj \u017eivot tomuto oboru. M\u016fj p\u0159\u00edb\u011bh za\u010dal klasicky \u2013 jako kluk na stavb\u011b. Po n\u011bkolika letech praxe jsem se [&hellip;]","og_url":"https:\/\/rekoluxstav.com\/en\/o-nas\/","og_site_name":"REKOLUX STAV","article_modified_time":"2025-05-19T20:46:53+00:00","og_image":[{"width":1920,"height":1094,"url":"http:\/\/rekoluxstav.com\/wp-content\/uploads\/2023\/10\/p1611754-1.jpg","type":"image\/jpeg"}],"twitter_card":"summary_large_image","twitter_misc":{"Est. reading time":"1 minute"},"schema":{"@context":"https:\/\/schema.org","@graph":[{"@type":"WebPage","@id":"https:\/\/rekoluxstav.com\/o-nas\/","url":"https:\/\/rekoluxstav.com\/o-nas\/","name":"O n\u00e1s - REKOLUX STAV","isPartOf":{"@id":"https:\/\/rekoluxstav.com\/#website"},"primaryImageOfPage":{"@id":"https:\/\/rekoluxstav.com\/o-nas\/#primaryimage"},"image":{"@id":"https:\/\/rekoluxstav.com\/o-nas\/#primaryimage"},"thumbnailUrl":"https:\/\/rekoluxstav.com\/wp-content\/uploads\/2023\/10\/p1611754-1.jpg","datePublished":"2023-05-27T09:49:28+00:00","dateModified":"2025-05-19T20:46:53+00:00","breadcrumb":{"@id":"https:\/\/rekoluxstav.com\/o-nas\/#breadcrumb"},"inLanguage":"en-US","potentialAction":[{"@type":"ReadAction","target":["https:\/\/rekoluxstav.com\/o-nas\/"]}]},{"@type":"ImageObject","inLanguage":"en-US","@id":"https:\/\/rekoluxstav.com\/o-nas\/#primaryimage","url":"https:\/\/rekoluxstav.com\/wp-content\/uploads\/2023\/10\/p1611754-1.jpg","contentUrl":"https:\/\/rekoluxstav.com\/wp-content\/uploads\/2023\/10\/p1611754-1.jpg","width":1920,"height":1094},{"@type":"BreadcrumbList","@id":"https:\/\/rekoluxstav.com\/o-nas\/#breadcrumb","itemListElement":[{"@type":"ListItem","position":1,"name":"\u0413\u043e\u043b\u043e\u0432\u043d\u0430","item":"https:\/\/rekoluxstav.com\/"},{"@type":"ListItem","position":2,"name":"O n\u00e1s"}]},{"@type":"WebSite","@id":"https:\/\/rekoluxstav.com\/#website","url":"https:\/\/rekoluxstav.com\/","name":"REKOLUX STATE","description":"","publisher":{"@id":"https:\/\/rekoluxstav.com\/#organization"},"potentialAction":[{"@type":"SearchAction","target":{"@type":"EntryPoint","urlTemplate":"https:\/\/rekoluxstav.com\/?s={search_term_string}"},"query-input":{"@type":"PropertyValueSpecification","valueRequired":true,"valueName":"search_term_string"}}],"inLanguage":"en-US"},{"@type":"Organization","@id":"https:\/\/rekoluxstav.com\/#organization","name":"REKOLUX STATE","url":"https:\/\/rekoluxstav.com\/","logo":{"@type":"ImageObject","inLanguage":"en-US","@id":"https:\/\/rekoluxstav.com\/#\/schema\/logo\/image\/","url":"https:\/\/rekoluxstav.com\/wp-content\/uploads\/2023\/04\/logo.png","contentUrl":"https:\/\/rekoluxstav.com\/wp-content\/uploads\/2023\/04\/logo.png","width":157,"height":26,"caption":"REKOLUX STAV"},"image":{"@id":"https:\/\/rekoluxstav.com\/#\/schema\/logo\/image\/"}}]}},"_links":{"self":[{"href":"https:\/\/rekoluxstav.com\/en\/wp-json\/wp\/v2\/pages\/294","targetHints":{"allow":["GET"]}}],"collection":[{"href":"https:\/\/rekoluxstav.com\/en\/wp-json\/wp\/v2\/pages"}],"about":[{"href":"https:\/\/rekoluxstav.com\/en\/wp-json\/wp\/v2\/types\/page"}],"author":[{"embeddable":true,"href":"https:\/\/rekoluxstav.com\/en\/wp-json\/wp\/v2\/users\/1"}],"replies":[{"embeddable":true,"href":"https:\/\/rekoluxstav.com\/en\/wp-json\/wp\/v2\/comments?post=294"}],"version-history":[{"count":24,"href":"https:\/\/rekoluxstav.com\/en\/wp-json\/wp\/v2\/pages\/294\/revisions"}],"predecessor-version":[{"id":1299,"href":"https:\/\/rekoluxstav.com\/en\/wp-json\/wp\/v2\/pages\/294\/revisions\/1299"}],"wp:featuredmedia":[{"embeddable":true,"href":"https:\/\/rekoluxstav.com\/en\/wp-json\/wp\/v2\/media\/457"}],"wp:attachment":[{"href":"https:\/\/rekoluxstav.com\/en\/wp-json\/wp\/v2\/media?parent=294"}],"curies":[{"name":"wp","href":"https:\/\/api.w.org\/{rel}","templated":true}]}}